{"id":2345,"date":"2023-09-30T10:10:29","date_gmt":"2023-09-30T13:10:29","guid":{"rendered":"https:\/\/buenosnegociosinmuebles.com.ar\/?page_id=2345"},"modified":"2025-05-26T16:22:01","modified_gmt":"2025-05-26T19:22:01","slug":"impulsate","status":"publish","type":"page","link":"https:\/\/buenosnegociosinmuebles.com.ar\/?page_id=2345","title":{"rendered":"Imp\u00falsate"},"content":{"rendered":"\n<h3 class=\"wp-block-heading has-background-color-background-color has-background\">[Discontinuado]<\/h3>\n\n\n\n<p>A trav\u00e9s de la interacci\u00f3n social con amistades, familia y distintas instituciones, he notado una gran merma en la capacidad de so\u00f1ar de las personas (ni\u00f1os, j\u00f3venes y adultos). Los ni\u00f1os y la juventud son la bocanada de aire fresco que renueva la fe social y empuja hacia adelante cuando otras d\u00e9cadas est\u00e1n cansadas, pero qu\u00e9 sucede si la ni\u00f1ez y la juventud pierden la ilusi\u00f3n? El mundo se estanca.<\/p>\n\n\n\n<p>Creo profundamente en la capacidad del ser humano para lograr todo aquello que se proponga, \u00absi lo crees, puedes lograrlo\u00bb, es una de tantas frases trilladas pero tan poco comprendidas.<\/p>\n\n\n\n<p>Es necesario hablar de las diferencias entre problemas y desaf\u00edos, esperanza y fe, los sue\u00f1os que creo tengo y los que de verdad me impulsan, de palabras como equipo, empat\u00eda y metas.<\/p>\n\n\n\n<p>El \u00e9xito llega luego de un mont\u00f3n de sucesos entretejidos, es importante perder el miedo a la palabra fracaso y aprender a capitalizar los errores.<\/p>\n\n\n\n<p>Entonces, surgi\u00f3 en m\u00ed un gran ansia de servicio, de compartir con las personas mi experiencia, porque lo cercano siempre es m\u00e1s real.<\/p>\n\n\n\n<p>Vengo de la venta directa, un mundo en donde las charlas motivacionales est\u00e1n a la orden del d\u00eda, crec\u00ed con una mam\u00e1 emprendedora que me inculc\u00f3 la fijaci\u00f3n de metas desde peque\u00f1a, fui parte de una gran empresa \u00abBiogreen\u00bb, que me ense\u00f1\u00f3 montones y en mis primeros a\u00f1os de juventud experimente la docencia, profesi\u00f3n que me encanta. Es por eso, que despu\u00e9s de meditarlo mucho, en&nbsp; Agosto de 2023 naci\u00f3 \u00abImp\u00falsate\u00bb, nuestro nuevo programa de Responsabilidad Social Empresarial.<\/p>\n\n\n\n<h4 class=\"wp-block-heading\">\u00bfEn qu\u00e9 consiste?<\/h4>\n\n\n\n<p>Son Charlas motivacionales para ni\u00f1os, j\u00f3venes y adultos, ya sean estudiantes, emprendedores o profesionales, est\u00e1n destinadas a todo aquel que necesite un empujoncito para animarse a dar el maravilloso salto de ir por sus sue\u00f1os.<\/p>\n\n\n\n<h4 class=\"wp-block-heading\">\u00bfCu\u00e1l es el fin?<\/h4>\n\n\n\n<p>Proporcionar herramientas pr\u00e1cticas para el descubrimiento y desarrollo del prop\u00f3sito de vida. Devolverle a las personas la ilusi\u00f3n, los sue\u00f1os y ayudarlas a ver la gran verdad, \u00abel mundo est\u00e1 en nuestras manos, todo es posible\u00bb.&nbsp;<\/p>\n\n\n\t<div class=\"wtwp-testimonials-slider-wrp wptww-clearfix \" data-conf=\"{&quot;slides_column&quot;:&quot;2&quot;,&quot;slides_scroll&quot;:&quot;2&quot;,&quot;dots&quot;:&quot;true&quot;,&quot;arrows&quot;:&quot;true&quot;,&quot;autoplay&quot;:&quot;true&quot;,&quot;autoplay_interval&quot;:&quot;2000&quot;,&quot;rtl&quot;:&quot;false&quot;,&quot;speed&quot;:&quot;3000&quot;,&quot;adaptive_height&quot;:&quot;true&quot;}\">\n\t\t<div id=\"wptww-testimonials-slidelist-1\" class=\"wptww-testimonials-slidelist design-1\">\n\t\t<div class=\"wptww-quote\">\r\n\t<div class=\"wptww-testimonial-left\">\r\n\t\t\t\t\t<div class=\"wptww-avtar-image\"><\/div>\r\n\t\t\t<\/div>\r\n\t<div class=\"wptww-testimonial-content\">\r\n\t\t<i class=\"fa fa-quote-left\"><\/i>\r\n\t\t<h4>Colegio Don Bosco Rawson (1)<\/h4>\r\n\t\t<div class=\"wptww-testimonials-text\">\r\n\t\t\t<p>\r\n\t\t\t\t<img loading=\"lazy\" decoding=\"async\" src=\"https:\/\/buenosnegociosinmuebles.com.ar\/wp-content\/uploads\/2024\/02\/2d12fcba-0937-4a15-91dd-23a56e44bfe9.jpg\" alt=\"\" width=\"964\" height=\"607\" class=\"alignleft size-full wp-image-2371\" srcset=\"https:\/\/buenosnegociosinmuebles.com.ar\/wp-content\/uploads\/2024\/02\/2d12fcba-0937-4a15-91dd-23a56e44bfe9.jpg 964w, https:\/\/buenosnegociosinmuebles.com.ar\/wp-content\/uploads\/2024\/02\/2d12fcba-0937-4a15-91dd-23a56e44bfe9-300x189.jpg 300w, https:\/\/buenosnegociosinmuebles.com.ar\/wp-content\/uploads\/2024\/02\/2d12fcba-0937-4a15-91dd-23a56e44bfe9-768x484.jpg 768w\" sizes=\"(max-width: 964px) 100vw, 964px\" \/>\t\t\t<\/p>\r\n\t\t<\/div>\r\n\t<\/div>\r\n\t<\/div><div class=\"wptww-quote\">\r\n\t<div class=\"wptww-testimonial-left\">\r\n\t\t\t\t\t<div class=\"wptww-avtar-image\"><\/div>\r\n\t\t\t<\/div>\r\n\t<div class=\"wptww-testimonial-content\">\r\n\t\t<i class=\"fa fa-quote-left\"><\/i>\r\n\t\t<h4>Colegio Don Bosco Rawson (2)<\/h4>\r\n\t\t<div class=\"wptww-testimonials-text\">\r\n\t\t\t<p>\r\n\t\t\t\t<img loading=\"lazy\" decoding=\"async\" src=\"https:\/\/buenosnegociosinmuebles.com.ar\/wp-content\/uploads\/2024\/02\/7bd15dde-65ef-42d2-a02b-edc8e1841256.jpg\" alt=\"\" width=\"1089\" height=\"1179\" class=\"size-full wp-image-2372\" srcset=\"https:\/\/buenosnegociosinmuebles.com.ar\/wp-content\/uploads\/2024\/02\/7bd15dde-65ef-42d2-a02b-edc8e1841256.jpg 1089w, https:\/\/buenosnegociosinmuebles.com.ar\/wp-content\/uploads\/2024\/02\/7bd15dde-65ef-42d2-a02b-edc8e1841256-277x300.jpg 277w, https:\/\/buenosnegociosinmuebles.com.ar\/wp-content\/uploads\/2024\/02\/7bd15dde-65ef-42d2-a02b-edc8e1841256-946x1024.jpg 946w, https:\/\/buenosnegociosinmuebles.com.ar\/wp-content\/uploads\/2024\/02\/7bd15dde-65ef-42d2-a02b-edc8e1841256-768x831.jpg 768w\" sizes=\"(max-width: 1089px) 100vw, 1089px\" \/>\t\t\t<\/p>\r\n\t\t<\/div>\r\n\t<\/div>\r\n\t<\/div><div class=\"wptww-quote\">\r\n\t<div class=\"wptww-testimonial-left\">\r\n\t\t\t\t\t<div class=\"wptww-avtar-image\"><\/div>\r\n\t\t\t<\/div>\r\n\t<div class=\"wptww-testimonial-content\">\r\n\t\t<i class=\"fa fa-quote-left\"><\/i>\r\n\t\t<h4>Colegio Don Bosco Rawson (3)<\/h4>\r\n\t\t<div class=\"wptww-testimonials-text\">\r\n\t\t\t<p>\r\n\t\t\t\t<img loading=\"lazy\" decoding=\"async\" src=\"https:\/\/buenosnegociosinmuebles.com.ar\/wp-content\/uploads\/2024\/02\/64f45c81-cbda-431b-b296-111ab511be56.jpg\" alt=\"\" width=\"1200\" height=\"1600\" class=\"size-full wp-image-2373\" srcset=\"https:\/\/buenosnegociosinmuebles.com.ar\/wp-content\/uploads\/2024\/02\/64f45c81-cbda-431b-b296-111ab511be56.jpg 1200w, https:\/\/buenosnegociosinmuebles.com.ar\/wp-content\/uploads\/2024\/02\/64f45c81-cbda-431b-b296-111ab511be56-225x300.jpg 225w, https:\/\/buenosnegociosinmuebles.com.ar\/wp-content\/uploads\/2024\/02\/64f45c81-cbda-431b-b296-111ab511be56-768x1024.jpg 768w, https:\/\/buenosnegociosinmuebles.com.ar\/wp-content\/uploads\/2024\/02\/64f45c81-cbda-431b-b296-111ab511be56-1152x1536.jpg 1152w\" sizes=\"(max-width: 1200px) 100vw, 1200px\" \/>\t\t\t<\/p>\r\n\t\t<\/div>\r\n\t<\/div>\r\n\t<\/div><div class=\"wptww-quote\">\r\n\t<div class=\"wptww-testimonial-left\">\r\n\t\t\t\t\t<div class=\"wptww-avtar-image\"><\/div>\r\n\t\t\t<\/div>\r\n\t<div class=\"wptww-testimonial-content\">\r\n\t\t<i class=\"fa fa-quote-left\"><\/i>\r\n\t\t<h4>Colegio Don Bosco Rawson (4)<\/h4>\r\n\t\t<div class=\"wptww-testimonials-text\">\r\n\t\t\t<p>\r\n\t\t\t\t<img loading=\"lazy\" decoding=\"async\" src=\"https:\/\/buenosnegociosinmuebles.com.ar\/wp-content\/uploads\/2024\/02\/e7b65e1f-1128-46d9-9ec6-e4748fef3b9f.jpg\" alt=\"\" width=\"1088\" height=\"860\" class=\"size-full wp-image-2374\" srcset=\"https:\/\/buenosnegociosinmuebles.com.ar\/wp-content\/uploads\/2024\/02\/e7b65e1f-1128-46d9-9ec6-e4748fef3b9f.jpg 1088w, https:\/\/buenosnegociosinmuebles.com.ar\/wp-content\/uploads\/2024\/02\/e7b65e1f-1128-46d9-9ec6-e4748fef3b9f-300x237.jpg 300w, https:\/\/buenosnegociosinmuebles.com.ar\/wp-content\/uploads\/2024\/02\/e7b65e1f-1128-46d9-9ec6-e4748fef3b9f-1024x809.jpg 1024w, https:\/\/buenosnegociosinmuebles.com.ar\/wp-content\/uploads\/2024\/02\/e7b65e1f-1128-46d9-9ec6-e4748fef3b9f-768x607.jpg 768w\" sizes=\"(max-width: 1088px) 100vw, 1088px\" \/>\t\t\t<\/p>\r\n\t\t<\/div>\r\n\t<\/div>\r\n\t<\/div><div class=\"wptww-quote\">\r\n\t<div class=\"wptww-testimonial-left\">\r\n\t\t\t\t\t<div class=\"wptww-avtar-image\"><\/div>\r\n\t\t\t<\/div>\r\n\t<div class=\"wptww-testimonial-content\">\r\n\t\t<i class=\"fa fa-quote-left\"><\/i>\r\n\t\t<h4>Escuela N\u00b0 776 Playa Uni\u00f3n (1)<\/h4>\r\n\t\t<div class=\"wptww-testimonials-text\">\r\n\t\t\t<p>\r\n\t\t\t\t<img loading=\"lazy\" decoding=\"async\" src=\"https:\/\/buenosnegociosinmuebles.com.ar\/wp-content\/uploads\/2024\/02\/b954a302-bbd2-4cf8-86fa-fcc1637a36b0.jpg\" alt=\"\" width=\"1079\" height=\"678\" class=\"alignleft size-full wp-image-2387\" srcset=\"https:\/\/buenosnegociosinmuebles.com.ar\/wp-content\/uploads\/2024\/02\/b954a302-bbd2-4cf8-86fa-fcc1637a36b0.jpg 1079w, https:\/\/buenosnegociosinmuebles.com.ar\/wp-content\/uploads\/2024\/02\/b954a302-bbd2-4cf8-86fa-fcc1637a36b0-300x189.jpg 300w, https:\/\/buenosnegociosinmuebles.com.ar\/wp-content\/uploads\/2024\/02\/b954a302-bbd2-4cf8-86fa-fcc1637a36b0-1024x643.jpg 1024w, https:\/\/buenosnegociosinmuebles.com.ar\/wp-content\/uploads\/2024\/02\/b954a302-bbd2-4cf8-86fa-fcc1637a36b0-768x483.jpg 768w\" sizes=\"(max-width: 1079px) 100vw, 1079px\" \/>\t\t\t<\/p>\r\n\t\t<\/div>\r\n\t<\/div>\r\n\t<\/div><div class=\"wptww-quote\">\r\n\t<div class=\"wptww-testimonial-left\">\r\n\t\t\t\t\t<div class=\"wptww-avtar-image\"><\/div>\r\n\t\t\t<\/div>\r\n\t<div class=\"wptww-testimonial-content\">\r\n\t\t<i class=\"fa fa-quote-left\"><\/i>\r\n\t\t<h4>Escuela N\u00b0 776 Playa Uni\u00f3n (2)<\/h4>\r\n\t\t<div class=\"wptww-testimonials-text\">\r\n\t\t\t<p>\r\n\t\t\t\t<img loading=\"lazy\" decoding=\"async\" src=\"https:\/\/buenosnegociosinmuebles.com.ar\/wp-content\/uploads\/2024\/02\/04334248-8c38-426c-924d-1f5f2fcd0a5c.jpg\" alt=\"\" width=\"960\" height=\"542\" class=\"alignleft size-full wp-image-2389\" srcset=\"https:\/\/buenosnegociosinmuebles.com.ar\/wp-content\/uploads\/2024\/02\/04334248-8c38-426c-924d-1f5f2fcd0a5c.jpg 960w, https:\/\/buenosnegociosinmuebles.com.ar\/wp-content\/uploads\/2024\/02\/04334248-8c38-426c-924d-1f5f2fcd0a5c-300x169.jpg 300w, https:\/\/buenosnegociosinmuebles.com.ar\/wp-content\/uploads\/2024\/02\/04334248-8c38-426c-924d-1f5f2fcd0a5c-768x434.jpg 768w\" sizes=\"(max-width: 960px) 100vw, 960px\" \/>\t\t\t<\/p>\r\n\t\t<\/div>\r\n\t<\/div>\r\n\t<\/div><div class=\"wptww-quote\">\r\n\t<div class=\"wptww-testimonial-left\">\r\n\t\t\t\t\t<div class=\"wptww-avtar-image\"><\/div>\r\n\t\t\t<\/div>\r\n\t<div class=\"wptww-testimonial-content\">\r\n\t\t<i class=\"fa fa-quote-left\"><\/i>\r\n\t\t<h4>Regi\u00f3n Cantos del Mar Biogreen (1)<\/h4>\r\n\t\t<div class=\"wptww-testimonials-text\">\r\n\t\t\t<p>\r\n\t\t\t\t<img loading=\"lazy\" decoding=\"async\" src=\"https:\/\/buenosnegociosinmuebles.com.ar\/wp-content\/uploads\/2023\/09\/Captura-de-pantalla-2023-09-06-a-las-10.16.24.png\" alt=\"\" width=\"720\" height=\"779\" class=\"alignleft size-full wp-image-2348\" srcset=\"https:\/\/buenosnegociosinmuebles.com.ar\/wp-content\/uploads\/2023\/09\/Captura-de-pantalla-2023-09-06-a-las-10.16.24.png 720w, https:\/\/buenosnegociosinmuebles.com.ar\/wp-content\/uploads\/2023\/09\/Captura-de-pantalla-2023-09-06-a-las-10.16.24-277x300.png 277w\" sizes=\"(max-width: 720px) 100vw, 720px\" \/>\t\t\t<\/p>\r\n\t\t<\/div>\r\n\t<\/div>\r\n\t<\/div><div class=\"wptww-quote\">\r\n\t<div class=\"wptww-testimonial-left\">\r\n\t\t\t\t\t<div class=\"wptww-avtar-image\"><\/div>\r\n\t\t\t<\/div>\r\n\t<div class=\"wptww-testimonial-content\">\r\n\t\t<i class=\"fa fa-quote-left\"><\/i>\r\n\t\t<h4>Regi\u00f3n Cantos del Mar Biogreen (2)<\/h4>\r\n\t\t<div class=\"wptww-testimonials-text\">\r\n\t\t\t<p>\r\n\t\t\t\t<img loading=\"lazy\" decoding=\"async\" src=\"https:\/\/buenosnegociosinmuebles.com.ar\/wp-content\/uploads\/2023\/09\/Captura-de-pantalla-2023-09-06-a-las-10.12.51.png\" alt=\"\" width=\"720\" height=\"696\" class=\"alignleft size-full wp-image-2347\" srcset=\"https:\/\/buenosnegociosinmuebles.com.ar\/wp-content\/uploads\/2023\/09\/Captura-de-pantalla-2023-09-06-a-las-10.12.51.png 720w, https:\/\/buenosnegociosinmuebles.com.ar\/wp-content\/uploads\/2023\/09\/Captura-de-pantalla-2023-09-06-a-las-10.12.51-300x290.png 300w\" sizes=\"(max-width: 720px) 100vw, 720px\" \/>\t\t\t<\/p>\r\n\t\t<\/div>\r\n\t<\/div>\r\n\t<\/div><div class=\"wptww-quote\">\r\n\t<div class=\"wptww-testimonial-left\">\r\n\t\t\t\t\t<div class=\"wptww-avtar-image\"><\/div>\r\n\t\t\t<\/div>\r\n\t<div class=\"wptww-testimonial-content\">\r\n\t\t<i class=\"fa fa-quote-left\"><\/i>\r\n\t\t<h4>Regi\u00f3n Cantos del Mar Biogreen (3)<\/h4>\r\n\t\t<div class=\"wptww-testimonials-text\">\r\n\t\t\t<p>\r\n\t\t\t\t<img loading=\"lazy\" decoding=\"async\" src=\"https:\/\/buenosnegociosinmuebles.com.ar\/wp-content\/uploads\/2023\/09\/IMG_6548.jpeg\" alt=\"\" width=\"720\" height=\"540\" class=\"alignleft size-full wp-image-2349\" srcset=\"https:\/\/buenosnegociosinmuebles.com.ar\/wp-content\/uploads\/2023\/09\/IMG_6548.jpeg 720w, https:\/\/buenosnegociosinmuebles.com.ar\/wp-content\/uploads\/2023\/09\/IMG_6548-300x225.jpeg 300w\" sizes=\"(max-width: 720px) 100vw, 720px\" \/>\t\t\t<\/p>\r\n\t\t<\/div>\r\n\t<\/div>\r\n\t<\/div><div class=\"wptww-quote\">\r\n\t<div class=\"wptww-testimonial-left\">\r\n\t\t\t\t\t<div class=\"wptww-avtar-image\"><\/div>\r\n\t\t\t<\/div>\r\n\t<div class=\"wptww-testimonial-content\">\r\n\t\t<i class=\"fa fa-quote-left\"><\/i>\r\n\t\t<h4>Regi\u00f3n Cantos del Mar Biogreen (4)<\/h4>\r\n\t\t<div class=\"wptww-testimonials-text\">\r\n\t\t\t<p>\r\n\t\t\t\t<img loading=\"lazy\" decoding=\"async\" src=\"https:\/\/buenosnegociosinmuebles.com.ar\/wp-content\/uploads\/2023\/09\/IMG_6547.jpeg\" alt=\"\" width=\"720\" height=\"540\" class=\"alignleft size-full wp-image-2346\" srcset=\"https:\/\/buenosnegociosinmuebles.com.ar\/wp-content\/uploads\/2023\/09\/IMG_6547.jpeg 720w, https:\/\/buenosnegociosinmuebles.com.ar\/wp-content\/uploads\/2023\/09\/IMG_6547-300x225.jpeg 300w\" sizes=\"(max-width: 720px) 100vw, 720px\" \/>\t\t\t<\/p>\r\n\t\t<\/div>\r\n\t<\/div>\r\n\t<\/div>\t\t<\/div>\n\t<\/div>\n\n\t\n\n\n\n<blockquote class=\"wp-block-quote\">\n<p>Nota: <strong>Imp\u00falsate<\/strong> es un programa gratuito de servicio a la comunidad, no as\u00ed para grandes empresas.<\/p>\n<\/blockquote>\n","protected":false},"excerpt":{"rendered":"<p>[Discontinuado] A trav\u00e9s de la interacci\u00f3n social con amistades, familia y distintas instituciones, he notado una gran merma en la capacidad de so\u00f1ar de las personas (ni\u00f1os, j\u00f3venes y adultos). Los ni\u00f1os y la juventud son la bocanada de aire fresco que renueva la fe social y empuja hacia adelante<a class=\"moretag\" href=\"https:\/\/buenosnegociosinmuebles.com.ar\/?testimonial=region-cantos-del-mar-biogreen-4\"> Leer m\u00e1s<\/a><\/p>\n","protected":false},"author":1,"featured_media":1363,"parent":0,"menu_order":0,"comment_status":"closed","ping_status":"closed","template":"","meta":{"footnotes":""},"_links":{"self":[{"href":"https:\/\/buenosnegociosinmuebles.com.ar\/index.php?rest_route=\/wp\/v2\/pages\/2345"}],"collection":[{"href":"https:\/\/buenosnegociosinmuebles.com.ar\/index.php?rest_route=\/wp\/v2\/pages"}],"about":[{"href":"https:\/\/buenosnegociosinmuebles.com.ar\/index.php?rest_route=\/wp\/v2\/types\/page"}],"author":[{"embeddable":true,"href":"https:\/\/buenosnegociosinmuebles.com.ar\/index.php?rest_route=\/wp\/v2\/users\/1"}],"replies":[{"embeddable":true,"href":"https:\/\/buenosnegociosinmuebles.com.ar\/index.php?rest_route=%2Fwp%2Fv2%2Fcomments&post=2345"}],"version-history":[{"count":10,"href":"https:\/\/buenosnegociosinmuebles.com.ar\/index.php?rest_route=\/wp\/v2\/pages\/2345\/revisions"}],"predecessor-version":[{"id":2823,"href":"https:\/\/buenosnegociosinmuebles.com.ar\/index.php?rest_route=\/wp\/v2\/pages\/2345\/revisions\/2823"}],"wp:featuredmedia":[{"embeddable":true,"href":"https:\/\/buenosnegociosinmuebles.com.ar\/index.php?rest_route=\/wp\/v2\/media\/1363"}],"wp:attachment":[{"href":"https:\/\/buenosnegociosinmuebles.com.ar\/index.php?rest_route=%2Fwp%2Fv2%2Fmedia&parent=2345"}],"curies":[{"name":"wp","href":"https:\/\/api.w.org\/{rel}","templated":true}]}}