{"id":2824,"date":"2025-05-21T09:43:49","date_gmt":"2025-05-21T12:43:49","guid":{"rendered":"https:\/\/buenosnegociosinmuebles.com.ar\/?page_id=2824"},"modified":"2025-08-19T23:53:46","modified_gmt":"2025-08-20T02:53:46","slug":"blog","status":"publish","type":"page","link":"https:\/\/buenosnegociosinmuebles.com.ar\/?page_id=2824","title":{"rendered":"Blog"},"content":{"rendered":"\n<p><strong>Traves\u00edas de personas reales en el fant\u00e1stico mundo inmobiliario<\/strong><\/p>\n\n\n\n<p>En este espacio quiero invitarte a recorrer conmigo las aventuras que vivimos junto a nuestros clientes: hogares que se encuentran, proyectos que toman forma y sue\u00f1os que se vuelven realidad.<\/p>\n\n\n\n<p>Cada experiencia es una traves\u00eda \u00fanica, y de cada una queda siempre una ense\u00f1anza, una emoci\u00f3n y una reflexi\u00f3n para compartir.<\/p>\n\n\n<ul class=\"wp-block-latest-posts__list has-dates wp-block-latest-posts\"><\/ul>","protected":false},"excerpt":{"rendered":"<p>Traves\u00edas de personas reales en el fant\u00e1stico mundo inmobiliario En este espacio quiero invitarte a recorrer conmigo las aventuras que vivimos junto a nuestros clientes: hogares que se encuentran, proyectos que toman forma y sue\u00f1os que se vuelven realidad. Cada experiencia es una traves\u00eda \u00fanica, y de cada una queda<a class=\"moretag\" href=\"https:\/\/buenosnegociosinmuebles.com.ar\/?page_id=2824\"> Leer m\u00e1s<\/a><\/p>\n","protected":false},"author":1,"featured_media":0,"parent":0,"menu_order":0,"comment_status":"closed","ping_status":"closed","template":"","meta":{"footnotes":""},"_links":{"self":[{"href":"https:\/\/buenosnegociosinmuebles.com.ar\/index.php?rest_route=\/wp\/v2\/pages\/2824"}],"collection":[{"href":"https:\/\/buenosnegociosinmuebles.com.ar\/index.php?rest_route=\/wp\/v2\/pages"}],"about":[{"href":"https:\/\/buenosnegociosinmuebles.com.ar\/index.php?rest_route=\/wp\/v2\/types\/page"}],"author":[{"embeddable":true,"href":"https:\/\/buenosnegociosinmuebles.com.ar\/index.php?rest_route=\/wp\/v2\/users\/1"}],"replies":[{"embeddable":true,"href":"https:\/\/buenosnegociosinmuebles.com.ar\/index.php?rest_route=%2Fwp%2Fv2%2Fcomments&post=2824"}],"version-history":[{"count":3,"href":"https:\/\/buenosnegociosinmuebles.com.ar\/index.php?rest_route=\/wp\/v2\/pages\/2824\/revisions"}],"predecessor-version":[{"id":2931,"href":"https:\/\/buenosnegociosinmuebles.com.ar\/index.php?rest_route=\/wp\/v2\/pages\/2824\/revisions\/2931"}],"wp:attachment":[{"href":"https:\/\/buenosnegociosinmuebles.com.ar\/index.php?rest_route=%2Fwp%2Fv2%2Fmedia&parent=2824"}],"curies":[{"name":"wp","href":"https:\/\/api.w.org\/{rel}","templated":true}]}}