{"id":2828,"date":"2025-05-25T20:16:06","date_gmt":"2025-05-25T23:16:06","guid":{"rendered":"https:\/\/buenosnegociosinmuebles.com.ar\/?page_id=2828"},"modified":"2025-08-20T23:52:56","modified_gmt":"2025-08-21T02:52:56","slug":"emprendete","status":"publish","type":"page","link":"https:\/\/buenosnegociosinmuebles.com.ar\/?page_id=2828","title":{"rendered":"Emprendete: Inspirar, Conectar y Crecer"},"content":{"rendered":"\n<figure class=\"wp-block-image size-large\"><img loading=\"lazy\" decoding=\"async\" width=\"1024\" height=\"155\" src=\"https:\/\/buenosnegociosinmuebles.com.ar\/wp-content\/uploads\/2025\/08\/png_negro-1024x155.png\" alt=\"\" class=\"wp-image-2974\" srcset=\"https:\/\/buenosnegociosinmuebles.com.ar\/wp-content\/uploads\/2025\/08\/png_negro-1024x155.png 1024w, https:\/\/buenosnegociosinmuebles.com.ar\/wp-content\/uploads\/2025\/08\/png_negro-300x45.png 300w, https:\/\/buenosnegociosinmuebles.com.ar\/wp-content\/uploads\/2025\/08\/png_negro-768x116.png 768w, https:\/\/buenosnegociosinmuebles.com.ar\/wp-content\/uploads\/2025\/08\/png_negro-1536x232.png 1536w, https:\/\/buenosnegociosinmuebles.com.ar\/wp-content\/uploads\/2025\/08\/png_negro.png 2039w\" sizes=\"(max-width: 1024px) 100vw, 1024px\" \/><\/figure>\n\n\n\n<p>Todo comenz\u00f3 en marzo de 2024. Despu\u00e9s de recorrer escuelas con el programa&nbsp;<strong>Impulsate<\/strong>&nbsp;y compartir charlas con j\u00f3venes llenos de sue\u00f1os, sentimos que era momento de ir un paso m\u00e1s all\u00e1. Fue entonces cuando nos unimos a&nbsp;<strong>Luc\u00eda Castell\u00f3, Lic. en Recursos Humanos<\/strong>, y decidimos crear&nbsp;<strong>Emprendete<\/strong>, un espacio de&nbsp;<strong>responsabilidad social empresarial<\/strong>&nbsp;para inspirar, motivar y acompa\u00f1ar a las personas en su camino.<\/p>\n\n\n\n<p>El inicio fue inolvidable: un evento en el Cine Teatro de Rawson con m\u00e1s de&nbsp;<strong>300 asistentes<\/strong>. Una noche llena de charlas inspiradoras con emprendedores, networking, arte, shows y sorpresas, con un prop\u00f3sito solidario: colaborar con el&nbsp;<strong>Hospital Santa Teresita de Rawson<\/strong>.<\/p>\n\n\n\n<p>Esa experiencia nos abri\u00f3 los ojos. Descubrimos cu\u00e1nto necesitaba la comunidad espacios de encuentro, de inspiraci\u00f3n y de esperanza. Y as\u00ed,&nbsp;<strong>Emprendete se reinvent\u00f3 como podcast<\/strong>. Porque quer\u00edamos estar m\u00e1s cerca, cada semana, con nuevas voces, nuevas historias y nuevas ideas para crecer juntos.<\/p>\n\n\n\n<p>Hoy,&nbsp;<strong>Emprendete Podcast<\/strong>&nbsp;sigue siendo ese lugar donde la comunidad se encuentra, se inspira y se impulsa. Y a trav\u00e9s de \u00e9l, seguimos generando acciones que transforman la realidad.<\/p>\n\n\n\n<p>\ud83d\udc49&nbsp;<a href=\"https:\/\/open.spotify.com\/show\/12fEQGOtq3Hg63gUBZUa7z?si=XSBT0dAeTee284b7lq9eJQ&amp;nd=1&amp;dlsi=69a3a732d8b3419a\" data-type=\"link\" data-id=\"https:\/\/open.spotify.com\/show\/12fEQGOtq3Hg63gUBZUa7z?si=XSBT0dAeTee284b7lq9eJQ&amp;nd=1&amp;dlsi=69a3a732d8b3419a\"><strong>Seguinos en Spotify<\/strong>&nbsp;<\/a>y form\u00e1 parte de esta historia que reci\u00e9n comienza.<\/p>\n\n\n\n<figure class=\"wp-block-image size-large\"><a href=\"https:\/\/open.spotify.com\/show\/12fEQGOtq3Hg63gUBZUa7z?si=XSBT0dAeTee284b7lq9eJQ&amp;nd=1&amp;dlsi=69a3a732d8b3419a\" target=\"_blank\" rel=\"noreferrer noopener\"><img loading=\"lazy\" decoding=\"async\" width=\"1024\" height=\"1024\" src=\"https:\/\/buenosnegociosinmuebles.com.ar\/wp-content\/uploads\/2025\/08\/Portada-del-Podcast-1024x1024.png\" alt=\"\" class=\"wp-image-2976\" srcset=\"https:\/\/buenosnegociosinmuebles.com.ar\/wp-content\/uploads\/2025\/08\/Portada-del-Podcast-1024x1024.png 1024w, https:\/\/buenosnegociosinmuebles.com.ar\/wp-content\/uploads\/2025\/08\/Portada-del-Podcast-300x300.png 300w, https:\/\/buenosnegociosinmuebles.com.ar\/wp-content\/uploads\/2025\/08\/Portada-del-Podcast-150x150.png 150w, https:\/\/buenosnegociosinmuebles.com.ar\/wp-content\/uploads\/2025\/08\/Portada-del-Podcast-768x768.png 768w, https:\/\/buenosnegociosinmuebles.com.ar\/wp-content\/uploads\/2025\/08\/Portada-del-Podcast-1536x1536.png 1536w, https:\/\/buenosnegociosinmuebles.com.ar\/wp-content\/uploads\/2025\/08\/Portada-del-Podcast-2048x2048.png 2048w\" sizes=\"(max-width: 1024px) 100vw, 1024px\" \/><\/a><\/figure>\n","protected":false},"excerpt":{"rendered":"<p>Todo comenz\u00f3 en marzo de 2024. Despu\u00e9s de recorrer escuelas con el programa&nbsp;Impulsate&nbsp;y compartir charlas con j\u00f3venes llenos de sue\u00f1os, sentimos que era momento de ir un paso m\u00e1s all\u00e1. Fue entonces cuando nos unimos a&nbsp;Luc\u00eda Castell\u00f3, Lic. en Recursos Humanos, y decidimos crear&nbsp;Emprendete, un espacio de&nbsp;responsabilidad social empresarial&nbsp;para inspirar,<a class=\"moretag\" href=\"https:\/\/buenosnegociosinmuebles.com.ar\/?page_id=2828\"> Leer m\u00e1s<\/a><\/p>\n","protected":false},"author":1,"featured_media":1363,"parent":0,"menu_order":0,"comment_status":"closed","ping_status":"closed","template":"","meta":{"footnotes":""},"_links":{"self":[{"href":"https:\/\/buenosnegociosinmuebles.com.ar\/index.php?rest_route=\/wp\/v2\/pages\/2828"}],"collection":[{"href":"https:\/\/buenosnegociosinmuebles.com.ar\/index.php?rest_route=\/wp\/v2\/pages"}],"about":[{"href":"https:\/\/buenosnegociosinmuebles.com.ar\/index.php?rest_route=\/wp\/v2\/types\/page"}],"author":[{"embeddable":true,"href":"https:\/\/buenosnegociosinmuebles.com.ar\/index.php?rest_route=\/wp\/v2\/users\/1"}],"replies":[{"embeddable":true,"href":"https:\/\/buenosnegociosinmuebles.com.ar\/index.php?rest_route=%2Fwp%2Fv2%2Fcomments&post=2828"}],"version-history":[{"count":4,"href":"https:\/\/buenosnegociosinmuebles.com.ar\/index.php?rest_route=\/wp\/v2\/pages\/2828\/revisions"}],"predecessor-version":[{"id":2978,"href":"https:\/\/buenosnegociosinmuebles.com.ar\/index.php?rest_route=\/wp\/v2\/pages\/2828\/revisions\/2978"}],"wp:featuredmedia":[{"embeddable":true,"href":"https:\/\/buenosnegociosinmuebles.com.ar\/index.php?rest_route=\/wp\/v2\/media\/1363"}],"wp:attachment":[{"href":"https:\/\/buenosnegociosinmuebles.com.ar\/index.php?rest_route=%2Fwp%2Fv2%2Fmedia&parent=2828"}],"curies":[{"name":"wp","href":"https:\/\/api.w.org\/{rel}","templated":true}]}}